{"id":4316,"date":"2024-04-15T13:23:43","date_gmt":"2024-04-15T11:23:43","guid":{"rendered":"https:\/\/anthony-guerree.com\/?page_id=4316"},"modified":"2026-01-25T20:30:12","modified_gmt":"2026-01-25T19:30:12","slug":"exhibitions","status":"publish","type":"page","link":"https:\/\/anthony-guerree.com\/en\/exhibitions\/","title":{"rendered":"Solo shows"},"content":{"rendered":"\n<figure class=\"wp-block-gallery has-nested-images columns-2 is-cropped fadeIn aligncenter wp-block-gallery-1 is-layout-flex wp-block-gallery-is-layout-flex\">\n<figure class=\"wp-block-image size-full\"><a href=\"https:\/\/anthony-guerree.com\/en\/symposion-exhibition\/\"><img loading=\"lazy\" decoding=\"async\" width=\"1520\" height=\"1900\" data-id=\"15622\" src=\"https:\/\/anthony-guerree.com\/wp-content\/uploads\/2026\/01\/symposion-expo.jpg\" alt=\"\" class=\"wp-image-15622\" srcset=\"https:\/\/anthony-guerree.com\/wp-content\/uploads\/2026\/01\/symposion-expo.jpg 1520w, https:\/\/anthony-guerree.com\/wp-content\/uploads\/2026\/01\/symposion-expo-720x900.jpg 720w, https:\/\/anthony-guerree.com\/wp-content\/uploads\/2026\/01\/symposion-expo-960x1200.jpg 960w, https:\/\/anthony-guerree.com\/wp-content\/uploads\/2026\/01\/symposion-expo-768x960.jpg 768w, https:\/\/anthony-guerree.com\/wp-content\/uploads\/2026\/01\/symposion-expo-1229x1536.jpg 1229w\" sizes=\"auto, (max-width: 1520px) 100vw, 1520px\" \/><\/a><figcaption class=\"wp-element-caption\">Symposion, <br>Rue de Verneuil, 33, Paris<br>January 2026<\/figcaption><\/figure>\n\n\n\n<figure class=\"wp-block-image size-full\"><img loading=\"lazy\" decoding=\"async\" width=\"1520\" height=\"1900\" data-id=\"15694\" src=\"https:\/\/anthony-guerree.com\/wp-content\/uploads\/2026\/01\/Boundary.jpg\" alt=\"\" class=\"wp-image-15694\" srcset=\"https:\/\/anthony-guerree.com\/wp-content\/uploads\/2026\/01\/Boundary.jpg 1520w, https:\/\/anthony-guerree.com\/wp-content\/uploads\/2026\/01\/Boundary-720x900.jpg 720w, https:\/\/anthony-guerree.com\/wp-content\/uploads\/2026\/01\/Boundary-960x1200.jpg 960w, https:\/\/anthony-guerree.com\/wp-content\/uploads\/2026\/01\/Boundary-768x960.jpg 768w, https:\/\/anthony-guerree.com\/wp-content\/uploads\/2026\/01\/Boundary-1229x1536.jpg 1229w\" sizes=\"auto, (max-width: 1520px) 100vw, 1520px\" \/><figcaption class=\"wp-element-caption\">New Chapter, <br>Boundary, Los Angeles<br>July 2025<\/figcaption><\/figure>\n\n\n\n<figure class=\"wp-block-image size-full\"><a href=\"https:\/\/anthony-guerree.com\/en\/transatlantique-villa-borsani-2024\/\"><img loading=\"lazy\" decoding=\"async\" width=\"1520\" height=\"1900\" data-id=\"4763\" src=\"https:\/\/anthony-guerree.com\/wp-content\/uploads\/2024\/05\/AnthonyGuerree-transatlantique-villaborsani-AtelierdeTroupe-cc-tapis3.jpg\" alt=\"\" class=\"wp-image-4763\" srcset=\"https:\/\/anthony-guerree.com\/wp-content\/uploads\/2024\/05\/AnthonyGuerree-transatlantique-villaborsani-AtelierdeTroupe-cc-tapis3.jpg 1520w, https:\/\/anthony-guerree.com\/wp-content\/uploads\/2024\/05\/AnthonyGuerree-transatlantique-villaborsani-AtelierdeTroupe-cc-tapis3-720x900.jpg 720w, https:\/\/anthony-guerree.com\/wp-content\/uploads\/2024\/05\/AnthonyGuerree-transatlantique-villaborsani-AtelierdeTroupe-cc-tapis3-960x1200.jpg 960w, https:\/\/anthony-guerree.com\/wp-content\/uploads\/2024\/05\/AnthonyGuerree-transatlantique-villaborsani-AtelierdeTroupe-cc-tapis3-768x960.jpg 768w, https:\/\/anthony-guerree.com\/wp-content\/uploads\/2024\/05\/AnthonyGuerree-transatlantique-villaborsani-AtelierdeTroupe-cc-tapis3-1229x1536.jpg 1229w\" sizes=\"auto, (max-width: 1520px) 100vw, 1520px\" \/><\/a><figcaption class=\"wp-element-caption\">Transatlantique, <br>Villa Borsani, Milan<br>April 2024<\/figcaption><\/figure>\n\n\n\n<figure class=\"wp-block-image size-full\"><a href=\"https:\/\/anthony-guerree.com\/en\/amelie-maison-art\/\"><img loading=\"lazy\" decoding=\"async\" width=\"1267\" height=\"1900\" data-id=\"4778\" src=\"https:\/\/anthony-guerree.com\/wp-content\/uploads\/2024\/05\/AnthonyGuerree-AmelieMaisondArt-DeLaEspada1.jpg\" alt=\"\" class=\"wp-image-4778\" srcset=\"https:\/\/anthony-guerree.com\/wp-content\/uploads\/2024\/05\/AnthonyGuerree-AmelieMaisondArt-DeLaEspada1.jpg 1267w, https:\/\/anthony-guerree.com\/wp-content\/uploads\/2024\/05\/AnthonyGuerree-AmelieMaisondArt-DeLaEspada1-600x900.jpg 600w, https:\/\/anthony-guerree.com\/wp-content\/uploads\/2024\/05\/AnthonyGuerree-AmelieMaisondArt-DeLaEspada1-800x1200.jpg 800w, https:\/\/anthony-guerree.com\/wp-content\/uploads\/2024\/05\/AnthonyGuerree-AmelieMaisondArt-DeLaEspada1-768x1152.jpg 768w, https:\/\/anthony-guerree.com\/wp-content\/uploads\/2024\/05\/AnthonyGuerree-AmelieMaisondArt-DeLaEspada1-1024x1536.jpg 1024w\" sizes=\"auto, (max-width: 1267px) 100vw, 1267px\" \/><\/a><figcaption class=\"wp-element-caption\">Le triangle d&#8217;\u00e9t\u00e9, <br>Galerie Am\u00e9lie du Chalard, Paris<br>January 2024<\/figcaption><\/figure>\n\n\n\n<figure class=\"wp-block-image size-full\"><a href=\"https:\/\/anthony-guerree.com\/en\/triangle-dete-the-future-perfect-2023\/\"><img loading=\"lazy\" decoding=\"async\" width=\"600\" height=\"800\" data-id=\"4982\" src=\"https:\/\/anthony-guerree.com\/wp-content\/uploads\/2024\/05\/2023-TheFuturePerfect-DeLaEspada1.jpg\" alt=\"\" class=\"wp-image-4982\"\/><\/a><figcaption class=\"wp-element-caption\">Le triangle d&#8217;\u00e9t\u00e9,<br>The Future Perfect, Los Angeles<br>November 2023<\/figcaption><\/figure>\n\n\n\n<figure class=\"wp-block-image size-full\"><a href=\"https:\/\/anthony-guerree.com\/en\/triangle-dete-the-future-perfect-2022-nyc\/\"><img loading=\"lazy\" decoding=\"async\" width=\"1600\" height=\"2000\" data-id=\"4996\" src=\"https:\/\/anthony-guerree.com\/wp-content\/uploads\/2024\/05\/seandavidson_thefutureperfect_110722_23.jpg\" alt=\"\" class=\"wp-image-4996\" srcset=\"https:\/\/anthony-guerree.com\/wp-content\/uploads\/2024\/05\/seandavidson_thefutureperfect_110722_23.jpg 1600w, https:\/\/anthony-guerree.com\/wp-content\/uploads\/2024\/05\/seandavidson_thefutureperfect_110722_23-720x900.jpg 720w, https:\/\/anthony-guerree.com\/wp-content\/uploads\/2024\/05\/seandavidson_thefutureperfect_110722_23-960x1200.jpg 960w, https:\/\/anthony-guerree.com\/wp-content\/uploads\/2024\/05\/seandavidson_thefutureperfect_110722_23-768x960.jpg 768w, https:\/\/anthony-guerree.com\/wp-content\/uploads\/2024\/05\/seandavidson_thefutureperfect_110722_23-1229x1536.jpg 1229w\" sizes=\"auto, (max-width: 1600px) 100vw, 1600px\" \/><\/a><figcaption class=\"wp-element-caption\">Le triangle d&#8217;\u00e9t\u00e9,<br>The Future Perfect, New-York<br>November 2022<\/figcaption><\/figure>\n\n\n\n<figure class=\"wp-block-image size-full\"><a href=\"https:\/\/anthony-guerree.com\/en\/fragments-maison-la-roche-2022\/\"><img loading=\"lazy\" decoding=\"async\" width=\"1668\" height=\"2500\" data-id=\"2298\" src=\"https:\/\/anthony-guerree.com\/wp-content\/uploads\/2022\/10\/APR_M-EDITIONS_ANTHONY-GUERREE_Credit-FLC_ADAGP-Alexandre-Tabaste16.jpg\" alt=\"\" class=\"wp-image-2298\" srcset=\"https:\/\/anthony-guerree.com\/wp-content\/uploads\/2022\/10\/APR_M-EDITIONS_ANTHONY-GUERREE_Credit-FLC_ADAGP-Alexandre-Tabaste16.jpg 1668w, https:\/\/anthony-guerree.com\/wp-content\/uploads\/2022\/10\/APR_M-EDITIONS_ANTHONY-GUERREE_Credit-FLC_ADAGP-Alexandre-Tabaste16-600x900.jpg 600w, https:\/\/anthony-guerree.com\/wp-content\/uploads\/2022\/10\/APR_M-EDITIONS_ANTHONY-GUERREE_Credit-FLC_ADAGP-Alexandre-Tabaste16-801x1200.jpg 801w, https:\/\/anthony-guerree.com\/wp-content\/uploads\/2022\/10\/APR_M-EDITIONS_ANTHONY-GUERREE_Credit-FLC_ADAGP-Alexandre-Tabaste16-768x1151.jpg 768w, https:\/\/anthony-guerree.com\/wp-content\/uploads\/2022\/10\/APR_M-EDITIONS_ANTHONY-GUERREE_Credit-FLC_ADAGP-Alexandre-Tabaste16-1025x1536.jpg 1025w, https:\/\/anthony-guerree.com\/wp-content\/uploads\/2022\/10\/APR_M-EDITIONS_ANTHONY-GUERREE_Credit-FLC_ADAGP-Alexandre-Tabaste16-1366x2048.jpg 1366w\" sizes=\"auto, (max-width: 1668px) 100vw, 1668px\" \/><\/a><figcaption class=\"wp-element-caption\">Fragments, <br>Maison La Roche, Le Corbusier, Paris<br>September 2022<\/figcaption><\/figure>\n\n\n\n<figure class=\"wp-block-image size-full\"><a href=\"https:\/\/anthony-guerree.com\/en\/cornette-de-saint-cyr\/\"><img loading=\"lazy\" decoding=\"async\" width=\"1810\" height=\"2560\" data-id=\"2713\" src=\"https:\/\/anthony-guerree.com\/wp-content\/uploads\/2022\/11\/Les-assises-du-temps-perdu-Cornette-de-Saint-Cyr-photo-Mick-Jayet-pour-Atelier-Jespers-scaled.jpg\" alt=\"\" class=\"wp-image-2713\" srcset=\"https:\/\/anthony-guerree.com\/wp-content\/uploads\/2022\/11\/Les-assises-du-temps-perdu-Cornette-de-Saint-Cyr-photo-Mick-Jayet-pour-Atelier-Jespers-scaled.jpg 1810w, https:\/\/anthony-guerree.com\/wp-content\/uploads\/2022\/11\/Les-assises-du-temps-perdu-Cornette-de-Saint-Cyr-photo-Mick-Jayet-pour-Atelier-Jespers-636x900.jpg 636w, https:\/\/anthony-guerree.com\/wp-content\/uploads\/2022\/11\/Les-assises-du-temps-perdu-Cornette-de-Saint-Cyr-photo-Mick-Jayet-pour-Atelier-Jespers-848x1200.jpg 848w, https:\/\/anthony-guerree.com\/wp-content\/uploads\/2022\/11\/Les-assises-du-temps-perdu-Cornette-de-Saint-Cyr-photo-Mick-Jayet-pour-Atelier-Jespers-768x1086.jpg 768w, https:\/\/anthony-guerree.com\/wp-content\/uploads\/2022\/11\/Les-assises-du-temps-perdu-Cornette-de-Saint-Cyr-photo-Mick-Jayet-pour-Atelier-Jespers-1086x1536.jpg 1086w, https:\/\/anthony-guerree.com\/wp-content\/uploads\/2022\/11\/Les-assises-du-temps-perdu-Cornette-de-Saint-Cyr-photo-Mick-Jayet-pour-Atelier-Jespers-1448x2048.jpg 1448w\" sizes=\"auto, (max-width: 1810px) 100vw, 1810px\" \/><\/a><figcaption class=\"wp-element-caption\">Les Assises du temps perdu, <br>Cornette de Saint-Cyr, Paris<br>February 2021<\/figcaption><\/figure>\n<\/figure>\n\n\n\n<div style=\"height:100px\" aria-hidden=\"true\" class=\"wp-block-spacer\"><\/div>\n","protected":false},"excerpt":{"rendered":"","protected":false},"author":2,"featured_media":4770,"parent":0,"menu_order":6,"comment_status":"closed","ping_status":"closed","template":"","meta":{"footnotes":""},"class_list":["post-4316","page","type-page","status-publish","has-post-thumbnail","hentry"],"_links":{"self":[{"href":"https:\/\/anthony-guerree.com\/en\/wp-json\/wp\/v2\/pages\/4316","targetHints":{"allow":["GET"]}}],"collection":[{"href":"https:\/\/anthony-guerree.com\/en\/wp-json\/wp\/v2\/pages"}],"about":[{"href":"https:\/\/anthony-guerree.com\/en\/wp-json\/wp\/v2\/types\/page"}],"author":[{"embeddable":true,"href":"https:\/\/anthony-guerree.com\/en\/wp-json\/wp\/v2\/users\/2"}],"replies":[{"embeddable":true,"href":"https:\/\/anthony-guerree.com\/en\/wp-json\/wp\/v2\/comments?post=4316"}],"version-history":[{"count":37,"href":"https:\/\/anthony-guerree.com\/en\/wp-json\/wp\/v2\/pages\/4316\/revisions"}],"predecessor-version":[{"id":15951,"href":"https:\/\/anthony-guerree.com\/en\/wp-json\/wp\/v2\/pages\/4316\/revisions\/15951"}],"wp:featuredmedia":[{"embeddable":true,"href":"https:\/\/anthony-guerree.com\/en\/wp-json\/wp\/v2\/media\/4770"}],"wp:attachment":[{"href":"https:\/\/anthony-guerree.com\/en\/wp-json\/wp\/v2\/media?parent=4316"}],"curies":[{"name":"wp","href":"https:\/\/api.w.org\/{rel}","templated":true}]}}